{"id":165,"date":"2025-03-07T14:51:01","date_gmt":"2025-03-07T14:51:01","guid":{"rendered":"https:\/\/www.cie.com.mx\/?page_id=165"},"modified":"2025-03-07T15:00:09","modified_gmt":"2025-03-07T15:00:09","slug":"cofece","status":"publish","type":"page","link":"https:\/\/www.cie.com.mx\/?page_id=165","title":{"rendered":"COFECE"},"content":{"rendered":"<p><div class=\"fusion-fullwidth fullwidth-box fusion-builder-row-1 fusion-flex-container has-pattern-background has-mask-background nonhundred-percent-fullwidth non-hundred-percent-height-scrolling\" style=\"--awb-border-radius-top-left:0px;--awb-border-radius-top-right:0px;--awb-border-radius-bottom-right:0px;--awb-border-radius-bottom-left:0px;--awb-flex-wrap:wrap;\" ><div class=\"fusion-builder-row fusion-row fusion-flex-align-items-flex-start fusion-flex-content-wrap\" style=\"max-width:1248px;margin-left: calc(-4% \/ 2 );margin-right: calc(-4% \/ 2 );\"><div class=\"fusion-layout-column fusion_builder_column fusion-builder-column-0 fusion_builder_column_1_1 1_1 fusion-flex-column\" style=\"--awb-bg-size:cover;--awb-width-large:100%;--awb-margin-top-large:0px;--awb-spacing-right-large:1.92%;--awb-margin-bottom-large:20px;--awb-spacing-left-large:1.92%;--awb-width-medium:100%;--awb-order-medium:0;--awb-spacing-right-medium:1.92%;--awb-spacing-left-medium:1.92%;--awb-width-small:100%;--awb-order-small:0;--awb-spacing-right-small:1.92%;--awb-spacing-left-small:1.92%;\"><div class=\"fusion-column-wrapper fusion-column-has-shadow fusion-flex-justify-content-flex-start fusion-content-layout-column\"><div class=\"fusion-text fusion-text-1\" style=\"--awb-font-size:22px;--awb-text-color:#c60035;--awb-text-font-family:&quot;Montserrat&quot;;--awb-text-font-style:normal;--awb-text-font-weight:700;\"><p style=\"text-align: center; color: #c60035; font-size: 32px;\">Nuestros Compromisos con COFECE<\/p>\n<\/div><div class=\"fusion-text fusion-text-2\" style=\"--awb-font-size:24px;--awb-text-font-family:&quot;Montserrat&quot;;--awb-text-font-style:normal;--awb-text-font-weight:400;\"><h2 style=\"text-align: center; font-size: 18px;\">Derivados de la resoluci\u00f3n de COFECE del 27 de septiembre de 2018, aceptada por la Compa\u00f1\u00eda el 22 de octubre de 2018.<\/h2>\n<\/div><\/div><\/div><\/div><\/div><div class=\"fusion-fullwidth fullwidth-box fusion-builder-row-2 fusion-flex-container has-pattern-background has-mask-background nonhundred-percent-fullwidth non-hundred-percent-height-scrolling\" style=\"--awb-border-radius-top-left:0px;--awb-border-radius-top-right:0px;--awb-border-radius-bottom-right:0px;--awb-border-radius-bottom-left:0px;--awb-flex-wrap:wrap;\" ><div class=\"fusion-builder-row fusion-row fusion-flex-align-items-flex-start fusion-flex-content-wrap\" style=\"max-width:1248px;margin-left: calc(-4% \/ 2 );margin-right: calc(-4% \/ 2 );\"><div class=\"fusion-layout-column fusion_builder_column fusion-builder-column-1 fusion_builder_column_1_1 1_1 fusion-flex-column\" style=\"--awb-bg-size:cover;--awb-width-large:100%;--awb-margin-top-large:0px;--awb-spacing-right-large:1.92%;--awb-margin-bottom-large:20px;--awb-spacing-left-large:1.92%;--awb-width-medium:100%;--awb-order-medium:0;--awb-spacing-right-medium:1.92%;--awb-spacing-left-medium:1.92%;--awb-width-small:100%;--awb-order-small:0;--awb-spacing-right-small:1.92%;--awb-spacing-left-small:1.92%;\"><div class=\"fusion-column-wrapper fusion-column-has-shadow fusion-flex-justify-content-flex-start fusion-content-layout-column\"><div class=\"accordian fusion-accordian\" style=\"--awb-border-size:1px;--awb-icon-size:16px;--awb-content-font-size:var(--awb-typography4-font-size);--awb-icon-alignment:left;--awb-hover-color:var(--awb-color2);--awb-border-color:var(--awb-color3);--awb-background-color:var(--awb-color1);--awb-divider-color:var(--awb-color3);--awb-divider-hover-color:var(--awb-color3);--awb-icon-color:var(--awb-color1);--awb-title-color:var(--awb-color8);--awb-content-color:var(--awb-color8);--awb-icon-box-color:var(--awb-color8);--awb-toggle-hover-accent-color:var(--awb-color5);--awb-title-font-family:var(--awb-typography1-font-family);--awb-title-font-weight:var(--awb-typography1-font-weight);--awb-title-font-style:var(--awb-typography1-font-style);--awb-title-font-size:16px;--awb-content-font-family:var(--awb-typography4-font-family);--awb-content-font-weight:var(--awb-typography4-font-weight);--awb-content-font-style:var(--awb-typography4-font-style);\"><div class=\"panel-group fusion-toggle-icon-boxed\" id=\"accordion-165-1\"><div class=\"fusion-panel panel-default panel-79b076cef79f66444 fusion-toggle-has-divider\" style=\"--awb-title-color:var(--awb-color8);\"><div class=\"panel-heading\"><h4 class=\"panel-title toggle\" id=\"toggle_79b076cef79f66444\"><a aria-expanded=\"false\" aria-controls=\"79b076cef79f66444\" role=\"button\" data-toggle=\"collapse\" data-parent=\"#accordion-165-1\" data-target=\"#79b076cef79f66444\" href=\"#79b076cef79f66444\"><span class=\"fusion-toggle-icon-wrapper\" aria-hidden=\"true\"><i class=\"fa-fusion-box active-icon awb-icon-minus\" aria-hidden=\"true\"><\/i><i class=\"fa-fusion-box inactive-icon awb-icon-plus\" aria-hidden=\"true\"><\/i><\/span><span class=\"fusion-toggle-heading\">Renuncia Exclusivas Futuras Inmuebles y Promotores<\/span><\/a><\/h4><\/div><div id=\"79b076cef79f66444\" class=\"panel-collapse collapse \" aria-labelledby=\"toggle_79b076cef79f66444\"><div class=\"panel-body toggle-content fusion-clearfix\">\n<p>AVISO A NUESTROS CLIENTES<\/p>\n<p>Ciudad de M\u00e9xico a 22 de octubre de 2018.<\/p>\n<p>Estimado Cliente,<br \/>\nDesde su fundaci\u00f3n Corporaci\u00f3n Interamericana de Entretenimiento, S.A.B. de C.V. (\u201cCIE\u201d) se ha enfocado en<br \/>\ndesarrollar productos y servicios recreativos y de entretenimiento fuera de casa que cuenten con el m\u00e1s alto nivel de<br \/>\ncalidad. A lo largo de la historia y desarrollo de la compa\u00f1\u00eda, CIE se ha caracterizado por generar y posteriormente<br \/>\ntransformar la oferta de entretenimiento fuera de casa en M\u00e9xico, buscando constantemente adaptarse a las<br \/>\ncondiciones e innovar en las tendencias del mercado.<br \/>\nEl modelo de negocio de CIE se basa, entre otras cosas, en las eficiencias que permite la combinaci\u00f3n de<br \/>\nesfuerzos, generaci\u00f3n de oportunidades y recursos entre las distintas \u00e1reas y divisiones de negocio que opera. CIE<br \/>\nconsidera que este modelo es operativo, econ\u00f3micamente funcional e inequ\u00edvocamente ben\u00e9fico para la generaci\u00f3n<br \/>\nde oferta y de valor para sus clientes y los consumidores.<br \/>\nConfiados en lo anterior, con el objeto de fomentar una mayor competencia en la industria en la que participa,<br \/>\nCIE hace de su conocimiento el compromiso ofrecido a y adquirido por s\u00ed y algunas de sus subsidiarias ante la<br \/>\nComisi\u00f3n Federal de Competencia Econ\u00f3mica, por un plazo de 10 (diez) a\u00f1os (el \u201cCompromiso\u201d), para, entre otros,<br \/>\nno establecer en contratos futuros para la prestaci\u00f3n del servicio de boletaje que Venta de Boletos por Computadora,<br \/>\nS.A. de C.V. (\u201cVBC\u201d) y ETK Boletos, S.A. de C.V., (\u201cETK\u201d) o cualquier subsidiaria presente o futura de CIE,<br \/>\ncelebren con [a] terceros propietarios, operadores y\/o programadores de inmuebles y [b] terceros promotores de<br \/>\nespect\u00e1culos p\u00fablicos en vivo, respecto de eventos a ser realizados en inmuebles actualmente propiedad de,<br \/>\narrendados por, administrados por, operados por y\/o cuya programaci\u00f3n es administrada por CIE o cualquiera de sus<br \/>\nsubsidiarias, y los inmuebles que en el futuro sean propiedad de, arrendados por, administrados por, operados por y\/o<br \/>\ncuya programaci\u00f3n sea administrada por CIE o cualquiera de sus subsidiarias (los \u201cInmuebles CIE\u201d):<br \/>\n(i) cl\u00e1usulas que impongan a la(s) contraparte(s) de VBC y ETK o cualquier subsidiaria presente o futura<br \/>\nde CIE, el deber de contratar a dichas entidades para la venta o comercializaci\u00f3n de boletos para el o<br \/>\nlos eventos que [x] para el caso de propietarios, operadores y\/o programadores de inmuebles, se lleven<br \/>\na cabo en el o los inmuebles de que se trate, seg\u00fan corresponda conforme al objeto del contrato<br \/>\ncorrespondiente, o [y] para el caso de promotores de espect\u00e1culos p\u00fablicos en vivo, sean promovidos u<br \/>\norganizados por la contraparte en inmuebles distintos de los Inmuebles CIE, seg\u00fan corresponda<br \/>\nconforme al objeto del contrato correspondiente;<br \/>\n(ii) cl\u00e1usulas que impongan a la(s) contraparte(s) de VBC y ETK o cualquier subsidiaria presente o futura<br \/>\nde CIE, penas convencionales o cualquier otro tipo de sanci\u00f3n por utilizar un sistema de boletaje o<br \/>\nservicio de boletaje distinto al de dichas entidades para la venta o comercializaci\u00f3n de boletos [x] en el<br \/>\ncaso de propietarios, operadores y\/o programadores de inmuebles, para el o los eventos que se lleven a<br \/>\ncabo en el o los inmuebles de que se trate, seg\u00fan corresponda conforme al objeto del contrato<br \/>\ncorrespondiente, o [y] en el caso de promotores de espect\u00e1culos p\u00fablicos en vivo, para el o los eventos<br \/>\nobjeto del contrato correspondiente;<br \/>\n(iii) cl\u00e1usulas que impongan a la(s) contraparte(s) de VBC y ETK o cualquier subsidiaria presente o futura<br \/>\nde CIE, la obligaci\u00f3n de ofrecer un derecho de primera opci\u00f3n y\/o preferencia a dichas entidades,<br \/>\nsobre otros prestadores de servicios de boletaje para renovar la relaci\u00f3n contractual;<br \/>\n(iv) cl\u00e1usulas que establezcan derechos de renovaci\u00f3n autom\u00e1tica a la terminaci\u00f3n de los contratos para la<br \/>\nprestaci\u00f3n del servicio de boletaje, y<br \/>\n(v) cl\u00e1usulas que establezcan la obligaci\u00f3n de la(s) contraparte(s) de garantizar que no exista o se celebre<br \/>\ncontrato alguno con terceros ajenos al grupo corporativo que encabeza CIE, respecto de la<br \/>\ncomercializaci\u00f3n de boletos.<\/p>\n<p>2<br \/>\nDe conformidad con los compromisos asumidos ante la Comisi\u00f3n Federal de Competencia Econ\u00f3mica, VBC, ETK o<br \/>\ncualquier subsidiaria presente o futura de CIE no establecer\u00e1n las cl\u00e1usulas anteriormente descritas en los contratos<br \/>\nfuturos, por un plazo de 10 (diez) a\u00f1os, contados a partir del d\u00eda 23 de octubre de 2018.<br \/>\nCIE, VBC, ETK y las subsidiarias y\/o filiales de CIE tienen como pol\u00edtica desarrollar y desarrollan todas<br \/>\nsus actividades con estricto apego a la ley, incluyendo la Ley Federal de Competencia Econ\u00f3mica y sus<br \/>\nDisposiciones Regulatorias. CIE, VBC, ETK y las subsidiarias y\/o filiales de CIE consideran que con los<br \/>\ncompromisos asumidos ante la Comisi\u00f3n Federal de Competencia Econ\u00f3mica se impulsa y refuerza el proceso de<br \/>\ncompetencia y libre concurrencia el mercado de entretenimiento en vivo en M\u00e9xico.<br \/>\nSeguiremos trabajando arduamente para brindar el mejor servicio a nuestros clientes y agradecemos<br \/>\nnuevamente su preferencia para con nosotros.<\/p>\n<p>&#8212;&#8212;&#8212;&#8212;&#8212;&#8211;<\/p>\n<\/div><\/div><\/div><div class=\"fusion-panel panel-default panel-217825a4af8752403 fusion-toggle-has-divider\" style=\"--awb-title-color:var(--awb-color8);\"><div class=\"panel-heading\"><h4 class=\"panel-title toggle\" id=\"toggle_217825a4af8752403\"><a aria-expanded=\"false\" aria-controls=\"217825a4af8752403\" role=\"button\" data-toggle=\"collapse\" data-parent=\"#accordion-165-1\" data-target=\"#217825a4af8752403\" href=\"#217825a4af8752403\"><span class=\"fusion-toggle-icon-wrapper\" aria-hidden=\"true\"><i class=\"fa-fusion-box active-icon awb-icon-minus\" aria-hidden=\"true\"><\/i><i class=\"fa-fusion-box inactive-icon awb-icon-plus\" aria-hidden=\"true\"><\/i><\/span><span class=\"fusion-toggle-heading\">Renuncia Exclusivas Vigentes Inmuebles<\/span><\/a><\/h4><\/div><div id=\"217825a4af8752403\" class=\"panel-collapse collapse \" aria-labelledby=\"toggle_217825a4af8752403\"><div class=\"panel-body toggle-content fusion-clearfix\">\n<p>AVISO A NUESTROS CLIENTES PROPIETARIOS, OPERADORES Y\/O PROGRAMADORES DE<\/p>\n<p>INMUEBLES<\/p>\n<p>Ciudad de M\u00e9xico a 22 de octubre de 2018.<\/p>\n<p>Estimado Cliente,<br \/>\nDesde su fundaci\u00f3n Corporaci\u00f3n Interamericana de Entretenimiento, S.A.B. de C.V. (\u201cCIE\u201d) se ha enfocado en<br \/>\ndesarrollar productos y servicios recreativos y de entretenimiento fuera de casa que cuenten con el m\u00e1s alto nivel de<br \/>\ncalidad. A lo largo de la historia y desarrollo de la compa\u00f1\u00eda, CIE se ha caracterizado por generar y posteriormente<br \/>\ntransformar la oferta de entretenimiento fuera de casa en M\u00e9xico, buscando constantemente adaptarse a las<br \/>\ncondiciones e innovar en las tendencias del mercado.<br \/>\nEl modelo de negocio de CIE se basa, entre otras cosas, en las eficiencias que permite la combinaci\u00f3n de<br \/>\nesfuerzos, generaci\u00f3n de oportunidades y recursos entre las distintas \u00e1reas y divisiones de negocio que opera. CIE<br \/>\nconsidera que este modelo es operativo, econ\u00f3micamente funcional e inequ\u00edvocamente ben\u00e9fico para la generaci\u00f3n<br \/>\nde oferta y de valor para sus clientes y los consumidores.<br \/>\nConfiados en lo anterior, con el objeto de fomentar una mayor competencia en la industria en la que participa,<br \/>\nCIE hace de su conocimiento el compromiso ofrecido a y adquirido por s\u00ed y algunas de sus subsidiarias ante la<br \/>\nComisi\u00f3n Federal de Competencia Econ\u00f3mica, por un plazo de 10 (diez) a\u00f1os (el \u201cCompromiso\u201d), para -entre otros-<br \/>\nrenunciar a y, por lo tanto, dejar sin efectos y tener por eliminadas las siguientes cl\u00e1usulas contenidas en los<br \/>\ncontratos para la prestaci\u00f3n del servicio de boletaje para el acceso a espect\u00e1culos p\u00fablicos en vivo que Venta de<br \/>\nBoletos por Computadora, S.A. de C.V. (\u201cVBC\u201d) y ETK Boletos, S.A. de C.V., (\u201cETK\u201d) hubiere suscrito con<br \/>\nterceros propietarios, operadores y\/o programadores de inmuebles:<br \/>\n(i) las cl\u00e1usulas que impongan a la(s) contraparte(s) de VBC y ETK el deber de contratar a VBC y ETK o<br \/>\ncualquiera de las subsidiarias de CIE en M\u00e9xico, para la venta o comercializaci\u00f3n de boletos para el o<br \/>\nlos eventos que se lleven a cabo en el o los inmuebles de que se trate, seg\u00fan corresponda conforme al<br \/>\nobjeto del contrato correspondiente;<br \/>\n(ii) las cl\u00e1usulas que impongan a la(s) contraparte(s) de VBC y ETK penas convencionales o cualquier<br \/>\notro tipo de sanci\u00f3n por utilizar un sistema de boletaje o servicio de boletaje distintos al de VBC y<br \/>\nETK o al de cualquiera de las subsidiarias de CIE en M\u00e9xico, para la venta o comercializaci\u00f3n de<br \/>\nboletos para el o los eventos que se lleven a cabo en el o los inmuebles de que se trate, seg\u00fan<br \/>\ncorresponda conforme al objeto del contrato correspondiente;<br \/>\n(iii) las cl\u00e1usulas que impongan a la(s) contraparte(s) de VBC y ETK la obligaci\u00f3n de ofrecer un derecho<br \/>\nde primera opci\u00f3n y\/o preferencia a VBC y ETK, o cualquiera de las subsidiarias de CIE en M\u00e9xico,<br \/>\nsobre otros prestadores de servicios de boletaje para renovar la relaci\u00f3n contractual;<br \/>\n(iv) las cl\u00e1usulas que establezcan derechos de renovaci\u00f3n autom\u00e1tica a la terminaci\u00f3n de los contratos; y<br \/>\n(v) las cl\u00e1usulas que establezcan la obligaci\u00f3n de la contraparte de VBC y ETK de garantizar que no exista<br \/>\no se celebre contrato alguno con terceros ajenos al grupo corporativo que encabeza CIE respecto de la<br \/>\ncomercializaci\u00f3n de boletos.<\/p>\n<p>VBC y ETK ha realizado o se encuentra realizando las diligencias pertinentes para la debida formalizaci\u00f3n del<br \/>\nCompromiso.<br \/>\nCIE, VBC y ETK y las subsidiarias y\/o filiales de CIE tienen como pol\u00edtica desarrollar y desarrollan todas<br \/>\nsus actividades con estricto apego a la ley, incluyendo la Ley Federal de Competencia Econ\u00f3mica y sus<br \/>\nDisposiciones Regulatorias. CIE, VBC, ETK y las subsidiarias y\/o filiales de CIE consideran que con los<\/p>\n<p>2<br \/>\ncompromisos asumidos ante la Comisi\u00f3n Federal de Competencia Econ\u00f3mica se impulsa y refuerza el proceso de<br \/>\ncompetencia y libre concurrencia el mercado de entretenimiento en vivo en M\u00e9xico.<br \/>\nSeguiremos trabajando arduamente para brindar el mejor servicio a nuestros clientes y agradecemos<br \/>\nnuevamente su preferencia para con nosotros.<\/p>\n<\/div><\/div><\/div><div class=\"fusion-panel panel-default panel-9a9930447164774f2 fusion-toggle-has-divider\" style=\"--awb-title-color:var(--awb-color8);\"><div class=\"panel-heading\"><h4 class=\"panel-title toggle\" id=\"toggle_9a9930447164774f2\"><a aria-expanded=\"false\" aria-controls=\"9a9930447164774f2\" role=\"button\" data-toggle=\"collapse\" data-parent=\"#accordion-165-1\" data-target=\"#9a9930447164774f2\" href=\"#9a9930447164774f2\"><span class=\"fusion-toggle-icon-wrapper\" aria-hidden=\"true\"><i class=\"fa-fusion-box active-icon awb-icon-minus\" aria-hidden=\"true\"><\/i><i class=\"fa-fusion-box inactive-icon awb-icon-plus\" aria-hidden=\"true\"><\/i><\/span><span class=\"fusion-toggle-heading\">Renuncia Exclusivas Vigentes Promotores<\/span><\/a><\/h4><\/div><div id=\"9a9930447164774f2\" class=\"panel-collapse collapse \" aria-labelledby=\"toggle_9a9930447164774f2\"><div class=\"panel-body toggle-content fusion-clearfix\">\n<p>AVISO A NUESTROS CLIENTES PROMOTORES DE EVENTOS<\/p>\n<p>Ciudad de M\u00e9xico a 22 de octubre de 2018<\/p>\n<p>Estimado Cliente,<br \/>\nDesde su fundaci\u00f3n Corporaci\u00f3n Interamericana de Entretenimiento, S.A.B. de C.V. (\u201cCIE\u201d) se ha enfocado en<br \/>\ndesarrollar productos y servicios recreativos y de entretenimiento fuera de casa que cuenten con el m\u00e1s alto nivel de<br \/>\ncalidad. A lo largo de la historia y desarrollo de la compa\u00f1\u00eda, CIE se ha caracterizado por generar y posteriormente<br \/>\ntransformar la oferta de entretenimiento fuera de casa en M\u00e9xico, buscando constantemente adaptarse a las<br \/>\ncondiciones e innovar en las tendencias del mercado.<br \/>\nEl modelo de negocio de CIE se basa, entre otras cosas, en las eficiencias que permite la combinaci\u00f3n de<br \/>\nesfuerzos, generaci\u00f3n de oportunidades y recursos entre las distintas \u00e1reas y divisiones de negocio que opera. CIE<br \/>\nconsidera que este modelo es operativo, econ\u00f3micamente funcional e inequ\u00edvocamente ben\u00e9fico para la generaci\u00f3n<br \/>\nde oferta y de valor para sus clientes y los consumidores.<br \/>\nConfiados en lo anterior, con el objeto de fomentar una mayor competencia en la industria en la que participa,<br \/>\nCIE hace de su conocimiento el compromiso ofrecido a y adquirido por s\u00ed y algunas de sus subsidiarias ante la<br \/>\nComisi\u00f3n Federal de Competencia Econ\u00f3mica, por un plazo de 10 (diez) a\u00f1os (el \u201cCompromiso\u201d), para -entre otros-<br \/>\nrenunciar a y, por lo tanto, dejar sin efectos y tener por eliminadas las siguientes cl\u00e1usulas contenidas en los<br \/>\ncontratos para la prestaci\u00f3n del servicio de boletaje para el acceso a espect\u00e1culos p\u00fablicos en vivo que Venta de<br \/>\nBoletos por Computadora, S.A. de C.V. (\u201cVBC\u201d) y ETK Boletos, S.A. de C.V., (\u201cETK\u201d) hubiere suscrito con<br \/>\nterceros promotores de espect\u00e1culos p\u00fablicos en vivo (excluyendo los contratos celebrados con subsidiarias y partes<br \/>\nrelacionadas de CIE):<br \/>\n(i) las cl\u00e1usulas que impongan a la(s) contraparte(s) de VBC y ETK el deber de contratar a VBC y ETK o<br \/>\ncualquiera de las subsidiarias de CIE en M\u00e9xico, para la venta o comercializaci\u00f3n de boletos para el o<br \/>\nlos eventos que sean promovidos u organizados por el Usuario, en inmuebles distintos de los<br \/>\ninmuebles propiedad de, arrendados, administrados, operados y\/o cuya programaci\u00f3n es administrada<br \/>\npor VBC y ETK y\/o sus matrices y\/o subsidiarias, seg\u00fan corresponda conforme al objeto contrato<br \/>\ncorrespondiente;<br \/>\n(ii) las cl\u00e1usulas que impongan a la(s) contraparte(s) de VBC y ETK penas convencionales o cualquier<br \/>\notro tipo de sanci\u00f3n por utilizar un sistema de boletaje o servicio de boletaje distintos al de VBC y<br \/>\nETK o al de cualquiera de las subsidiarias de CIE en M\u00e9xico, para la venta o comercializaci\u00f3n de<br \/>\nboletos para el o los eventos que sean promovidos u organizados por el Usuario, en inmuebles distintos<br \/>\nde los inmuebles propiedad de, arrendados, administrados, operados y\/o cuya programaci\u00f3n es<br \/>\nadministrada por VBC y ETK y\/o sus matrices y\/o subsidiarias, seg\u00fan corresponda conforme al objeto<br \/>\ndel contrato correspondiente;<br \/>\n(iii) las cl\u00e1usulas que impongan a la(s) contraparte(s) de VBC y ETK la obligaci\u00f3n de ofrecer un derecho<br \/>\nde primera opci\u00f3n y\/o preferencia a VBC y ETK, o cualquiera de las subsidiarias de CIE en M\u00e9xico,<br \/>\nsobre otros prestadores de servicios de boletaje para renovar la relaci\u00f3n contractual;<br \/>\n(iv) las cl\u00e1usulas que establezcan derechos de renovaci\u00f3n autom\u00e1tica a la terminaci\u00f3n de los contratos; y<br \/>\n(v) las cl\u00e1usulas que establezcan la obligaci\u00f3n de la contraparte de VBC y ETK de garantizar que no exista<br \/>\no se celebre contrato alguno con terceros ajenos al grupo corporativo que encabeza CIE respecto de la<br \/>\ncomercializaci\u00f3n de boletos.<\/p>\n<p>2<br \/>\nVBC y ETK ha realizado o se encuentra realizando las diligencias pertinentes para la debida formalizaci\u00f3n del<br \/>\nCompromiso.<br \/>\nCIE, VBC, ETK y las subsidiarias y\/o filiales de CIE tienen como pol\u00edtica desarrollar y desarrollan todas<br \/>\nsus actividades con estricto apego a la ley, incluyendo la Ley Federal de Competencia Econ\u00f3mica y sus<br \/>\nDisposiciones Regulatorias. CIE, VBC, ETK y las subsidiarias y\/o filiales de CIE consideran que con los<br \/>\ncompromisos asumidos ante la Comisi\u00f3n Federal de Competencia Econ\u00f3mica se impulsa y refuerza el proceso de<br \/>\ncompetencia y libre concurrencia el mercado de entretenimiento en vivo en M\u00e9xico.<br \/>\nSeguiremos trabajando arduamente para brindar el mejor servicio a nuestros clientes y agradecemos<br \/>\nnuevamente su preferencia para con nosotros.<\/p>\n<p>&#8212;&#8212;&#8212;&#8212;&#8212;&#8211;<\/p>\n<\/div><\/div><\/div><\/div><\/div><\/div><\/div><\/div><\/div><\/p>\n","protected":false},"excerpt":{"rendered":"","protected":false},"author":1,"featured_media":0,"parent":0,"menu_order":0,"comment_status":"closed","ping_status":"closed","template":"100-width.php","meta":{"footnotes":""},"class_list":["post-165","page","type-page","status-publish","hentry"],"_links":{"self":[{"href":"https:\/\/www.cie.com.mx\/index.php?rest_route=\/wp\/v2\/pages\/165","targetHints":{"allow":["GET"]}}],"collection":[{"href":"https:\/\/www.cie.com.mx\/index.php?rest_route=\/wp\/v2\/pages"}],"about":[{"href":"https:\/\/www.cie.com.mx\/index.php?rest_route=\/wp\/v2\/types\/page"}],"author":[{"embeddable":true,"href":"https:\/\/www.cie.com.mx\/index.php?rest_route=\/wp\/v2\/users\/1"}],"replies":[{"embeddable":true,"href":"https:\/\/www.cie.com.mx\/index.php?rest_route=%2Fwp%2Fv2%2Fcomments&post=165"}],"version-history":[{"count":4,"href":"https:\/\/www.cie.com.mx\/index.php?rest_route=\/wp\/v2\/pages\/165\/revisions"}],"predecessor-version":[{"id":174,"href":"https:\/\/www.cie.com.mx\/index.php?rest_route=\/wp\/v2\/pages\/165\/revisions\/174"}],"wp:attachment":[{"href":"https:\/\/www.cie.com.mx\/index.php?rest_route=%2Fwp%2Fv2%2Fmedia&parent=165"}],"curies":[{"name":"wp","href":"https:\/\/api.w.org\/{rel}","templated":true}]}}